{"id":551,"date":"2023-07-19T09:41:58","date_gmt":"2023-07-19T07:41:58","guid":{"rendered":"https:\/\/onyarassessors.cat\/politica-de-cookies\/"},"modified":"2023-07-24T10:22:40","modified_gmt":"2023-07-24T08:22:40","slug":"politica-de-cookies","status":"publish","type":"page","link":"https:\/\/onyarassessors.cat\/es\/politica-de-cookies\/","title":{"rendered":"Pol\u00edtica de cookies"},"content":{"rendered":"\t\t<div data-elementor-type=\"wp-page\" data-elementor-id=\"551\" class=\"elementor elementor-551 elementor-280\" data-elementor-post-type=\"page\">\n\t\t\t\t\t\t<section data-particle_enable=\"false\" data-particle-mobile-disabled=\"false\" class=\"elementor-section elementor-top-section elementor-element elementor-element-b276a11 elementor-section-boxed elementor-section-height-default elementor-section-height-default\" data-id=\"b276a11\" data-element_type=\"section\" data-e-type=\"section\">\n\t\t\t\t\t\t<div class=\"elementor-container elementor-column-gap-default\">\n\t\t\t\t\t<div class=\"elementor-column elementor-col-100 elementor-top-column elementor-element elementor-element-66fc738\" data-id=\"66fc738\" data-element_type=\"column\" data-e-type=\"column\">\n\t\t\t<div class=\"elementor-widget-wrap elementor-element-populated\">\n\t\t\t\t\t\t<div class=\"elementor-element elementor-element-28364df elementor-widget elementor-widget-spacer\" data-id=\"28364df\" data-element_type=\"widget\" data-e-type=\"widget\" data-widget_type=\"spacer.default\">\n\t\t\t\t<div class=\"elementor-widget-container\">\n\t\t\t\t\t\t\t<div class=\"elementor-spacer\">\n\t\t\t<div class=\"elementor-spacer-inner\"><\/div>\n\t\t<\/div>\n\t\t\t\t\t\t<\/div>\n\t\t\t\t<\/div>\n\t\t\t\t<div class=\"elementor-element elementor-element-193cec2 elementor-widget elementor-widget-heading\" data-id=\"193cec2\" data-element_type=\"widget\" data-e-type=\"widget\" data-widget_type=\"heading.default\">\n\t\t\t\t<div class=\"elementor-widget-container\">\n\t\t\t\t\t<h2 class=\"elementor-heading-title elementor-size-default\">POL\u00cdTICA DE COOKIES<\/h2>\t\t\t\t<\/div>\n\t\t\t\t<\/div>\n\t\t\t\t<div class=\"elementor-element elementor-element-66607cf6 elementor-widget elementor-widget-text-editor\" data-id=\"66607cf6\" data-element_type=\"widget\" data-e-type=\"widget\" data-widget_type=\"text-editor.default\">\n\t\t\t\t<div class=\"elementor-widget-container\">\n\t\t\t\t\t\t\t\t\t<p><\/p>\n<p><strong>I. \u00bfQU\u00c9 SON LAS COOKIES?<\/strong><\/p>\n<p><\/p>\n<p><\/p>\n<p><strong>1. Las <em>cookies<\/em><\/strong> o galletas son breves archivos de informaci\u00f3n que se env\u00edan y almacenan en el disco duro del ordenador del usuario a trav\u00e9s de su navegador cuando \u00e9ste se conecta a una web. Las cookies se pueden utilizar para pedir y almacenar datos del usuario mientras est\u00e1 conectado para facilitarle los servicios solicitados y que no suelen conservarse (cookies de sesi\u00f3n), o para conservar los datos del usuario para otro tipo de servicios futuros y que se pueden conservar por un tiempo indefinido (cookies persistentes). Las cookies pueden ser propias o de terceros.<\/p>\n<p><\/p>\n<p><\/p>\n<p>Existen varios <strong>tipos de cookies<\/strong>:<\/p>\n<ul>\n<li><strong><em>Cookies t\u00e9cnicas<\/em><\/strong> que faciliten la navegaci\u00f3n del usuario y la utilizaci\u00f3n de las diferentes opciones o servicios que ofrece la web como identificar la sesi\u00f3n, permitir el acceso a determinadas \u00e1reas, facilitar pedidos, compras, rellenar formularios, inscripciones, seguridad, facilitar funcionalidades (v\u00eddeos, redes sociales, etc.).<\/li>\n<li><strong><em>Cookies de seguridad <\/em><\/strong>que impiden o dificultan ataques contra el sitio web o sus usuarios.<\/li>\n<li><strong><em>Cookies de personalizaci\u00f3n<\/em><\/strong> que permiten al usuario acceder a los servicios seg\u00fan sus preferencias (idioma, navegador, configuraci\u00f3n, etc.).<\/li>\n<li><strong><em>Cookies de an\u00e1lisis <\/em><\/strong>que permiten el an\u00e1lisis an\u00f3nimo del comportamiento de los usuarios de la web y que permiten medir la actividad del usuario y elaborar perfiles de navegaci\u00f3n con el objetivo de mejorar los sitios web.<\/li>\n<li><strong><em>Cookies de an\u00e1lisis <\/em><\/strong>que permiten la gesti\u00f3n de la frecuencia y del contenido de los anuncios.<\/li>\n<li><strong><em>Cookies de publicidad<\/em><\/strong> personalizada que permiten la gesti\u00f3n de los espacios publicitarios de la web en base al comportamiento y h\u00e1bitos de navegaci\u00f3n del usuario, de donde se obtiene su perfil que permite personalizar la publicidad que se muestra en el navegador del usuario.<\/li>\n<li><strong><em>Cookies de seguimiento<\/em><\/strong> que almacenan informaci\u00f3n sobre los usuarios para mostrarles publicidad personalizada.<\/li>\n<li><strong><em>Cookies sociales<\/em><\/strong> que los proveedores de servicios de redes sociales pueden instalar cuando el usuario selecciona compartir un determinado contenido de nuestro sitio web en la red social en la que operen: Facebook, Twitter, YouTube\u2026<\/li>\n<\/ul>\n<p><\/p>\n<p><\/p>\n<p><strong>2.Las cookies<\/strong> tienen un papel relevante, ya que <strong>sin ellas, el uso de la web ser\u00eda una experiencia mucho m\u00e1s compleja.<\/strong> Desde un punto de vista t\u00e9cnico, permiten que las p\u00e1ginas web funcionen de forma m\u00e1s \u00e1gil y adaptada a las preferencias del usuario como, por ejemplo, almacenando su idioma. Adem\u00e1s ayudan al responsable del sitio web a mejorar los servicios que ofrece, gracias a la informaci\u00f3n estad\u00edstica que ellas recopilan.<\/p>\n<p><\/p>\n<p><\/p>\n<p><strong>3. Los<\/strong> <strong>usuarios <\/strong>tienen derecho a saber si la p\u00e1gina en la que navegan instala cookies afectadas por la ley. La norma establece los siguientes requisitos m\u00ednimos de informaci\u00f3n:<\/p>\n<p><\/p>\n<p><\/p>\n<ol>\n<li style=\"list-style-type: none;\">\n<ol><\/ol>\n<\/li>\n<\/ol>\n<ul>\n<li>\u00bfQu\u00e9 son les cookies?<\/li>\n<li>\u00bfPara qu\u00e9 se utilizan?<\/li>\n<li>\u00bfQui\u00e9n las instala?<\/li>\n<li>\u00bfC\u00f3mo se rechazan?<\/li>\n<\/ul>\n<p><\/p>\n<p><\/p>\n<p><\/p>\n<p><strong>4. \u00bfQui\u00e9n tiene que cumplir con la ley de cookies?<\/strong> Tanto las empresas como los profesionales que tengan una p\u00e1gina web, as\u00ed como otras que ofrezcan servicios de la informaci\u00f3n deben cumplir con la ley. Tanto las empresas como los profesionales que tengan una p\u00e1gina web, as\u00ed como otras que ofrezcan servicios de la informaci\u00f3n deben cumplir con la ley.<\/p>\n<p><\/p>\n<p><\/p>\n<p><strong>II. POL\u00cdTICA DE COOKIES<\/strong><\/p>\n<p><\/p>\n<p><\/p>\n<p><strong>1. Cookies recopiladas<\/strong><\/p>\n<p><\/p>\n<p><\/p>\n<p><strong>Onyar Assessors, SL<\/strong> utiliza cookies para optimizar y mejorar la navegaci\u00f3n y experiencia de los usuarios en todas sus webs.<\/p>\n<p><\/p>\n<p><\/p>\n<p>Google Analytics: Los datos indexados por las cookies de Google Analytics son an\u00f3nimas y se utilizan \u00fanicamente para valorar la navegaci\u00f3n en la web.<\/p>\n<p><\/p>\n<p><\/p>\n<p>Facebook, Twitter y otras redes sociales necesitan utilizar cookies para reconocer tu ordenador.<\/p>\n<p><\/p>\n<p><\/p>\n<p><strong>2. Desactivaci\u00f3n o eliminado de cookies<\/strong><\/p>\n<p><\/p>\n<p><\/p>\n<p>En cualquier momento podr\u00e1 ejercitar su derecho de desactivaci\u00f3n o eliminaci\u00f3n de cookies de este sitio web. Estas acciones se realizan de forma diferente en funci\u00f3n del navegador que est\u00e9 utilizando.<\/p>\n<p><\/p>\n<p><\/p>\n<p><strong>3. Notas adicionales<\/strong><\/p>\n<p><\/p>\n<p><\/p>\n<ul>\n<li>Ni esta web ni sus representantes legales se hacen responsables ni del contenido ni de la veracidad de las pol\u00edticas de privacidad que puedan tener los terceros citados en esta pol\u00edtica de cookies.<\/li>\n<li>Los navegadores web son las herramientas encargadas de almacenar las cookies y desde este sitio de efectuar su derecho a eliminaci\u00f3n o desactivaci\u00f3n de las mismas. Ni esta web ni sus representantes legales pueden garantizar la correcta o incorrecta manipulaci\u00f3n de las cookies por parte de dichos navegadores.<\/li>\n<li>En algunos casos es necesario instalar cookies para que el navegador no olvide su decisi\u00f3n de no aceptaci\u00f3n de las mismas.<\/li>\n<li>En el caso de las cookies de Google Analytics, esta empresa almacena las cookies en los servidores en Estados Unidos y se compromete a no compartirla con terceros, salvo en los casos en que sea necesario para el funcionamiento del sistema o cuando la ley obligue a tal efecto. Seg\u00fan Google no guarda su direcci\u00f3n IP. Google Inc es una compa\u00f1\u00eda adherida al Acuerdo de Port Segur que garantiza que todos los datos transferidos ser\u00e1n tratados con un nivel de protecci\u00f3n de acuerdo con la normativa europea. Si desea informaci\u00f3n sobre el uso que Google da a las cookies le adjuntamos este otro <a href=\"https:\/\/developers.google.com\/analytics\/devguides\/collection\/analyticsjs\/cookie-usage?hl=es&amp;csw=1\">enlace<\/a>.<\/li>\n<\/ul>\n<p> <\/p>\n<p>Para cualquier duda o consulta sobre esta pol\u00edtica de cookies no dude en comunicarse con nosotros a trav\u00e9s de la secci\u00f3n de <strong>cont\u00e1ctanos<\/strong>.<\/p>\n<p><\/p>\t\t\t\t\t\t\t\t<\/div>\n\t\t\t\t<\/div>\n\t\t\t\t<div class=\"elementor-element elementor-element-c3c579a elementor-widget elementor-widget-spacer\" data-id=\"c3c579a\" data-element_type=\"widget\" data-e-type=\"widget\" data-widget_type=\"spacer.default\">\n\t\t\t\t<div class=\"elementor-widget-container\">\n\t\t\t\t\t\t\t<div class=\"elementor-spacer\">\n\t\t\t<div class=\"elementor-spacer-inner\"><\/div>\n\t\t<\/div>\n\t\t\t\t\t\t<\/div>\n\t\t\t\t<\/div>\n\t\t\t\t\t<\/div>\n\t\t<\/div>\n\t\t\t\t\t<\/div>\n\t\t<\/section>\n\t\t\t\t<\/div>\n\t\t","protected":false},"excerpt":{"rendered":"<p>POL\u00cdTICA DE COOKIES I. \u00bfQU\u00c9 SON LAS COOKIES? 1. Las cookies o galletas son breves archivos de informaci\u00f3n que se env\u00edan y almacenan en el disco duro del ordenador del usuario a trav\u00e9s de su navegador cuando \u00e9ste se conecta a una web. Las cookies se pueden utilizar para pedir y almacenar datos del usuario [&hellip;]<\/p>\n","protected":false},"author":1,"featured_media":0,"parent":0,"menu_order":0,"comment_status":"closed","ping_status":"closed","template":"","meta":{"footnotes":""},"class_list":["post-551","page","type-page","status-publish","hentry"],"yoast_head":"<!-- This site is optimized with the Yoast SEO plugin v27.4 - https:\/\/yoast.com\/product\/yoast-seo-wordpress\/ -->\n<title>Pol\u00edtica de cookies - Onyar Assessors<\/title>\n<meta name=\"robots\" content=\"index, follow, max-snippet:-1, max-image-preview:large, max-video-preview:-1\" \/>\n<link rel=\"canonical\" href=\"https:\/\/onyarassessors.cat\/es\/politica-de-cookies\/\" \/>\n<meta property=\"og:locale\" content=\"es_ES\" \/>\n<meta property=\"og:type\" content=\"article\" \/>\n<meta property=\"og:title\" content=\"Pol\u00edtica de cookies - Onyar Assessors\" \/>\n<meta property=\"og:description\" content=\"POL\u00cdTICA DE COOKIES I. \u00bfQU\u00c9 SON LAS COOKIES? 1. Las cookies o galletas son breves archivos de informaci\u00f3n que se env\u00edan y almacenan en el disco duro del ordenador del usuario a trav\u00e9s de su navegador cuando \u00e9ste se conecta a una web. Las cookies se pueden utilizar para pedir y almacenar datos del usuario [&hellip;]\" \/>\n<meta property=\"og:url\" content=\"https:\/\/onyarassessors.cat\/es\/politica-de-cookies\/\" \/>\n<meta property=\"og:site_name\" content=\"Onyar Assessors\" \/>\n<meta property=\"article:modified_time\" content=\"2023-07-24T08:22:40+00:00\" \/>\n<meta name=\"twitter:card\" content=\"summary_large_image\" \/>\n<meta name=\"twitter:label1\" content=\"Tiempo de lectura\" \/>\n\t<meta name=\"twitter:data1\" content=\"4 minutos\" \/>\n<script type=\"application\/ld+json\" class=\"yoast-schema-graph\">{\"@context\":\"https:\\\/\\\/schema.org\",\"@graph\":[{\"@type\":\"WebPage\",\"@id\":\"https:\\\/\\\/onyarassessors.cat\\\/es\\\/politica-de-cookies\\\/\",\"url\":\"https:\\\/\\\/onyarassessors.cat\\\/es\\\/politica-de-cookies\\\/\",\"name\":\"Pol\u00edtica de cookies - Onyar Assessors\",\"isPartOf\":{\"@id\":\"https:\\\/\\\/onyarassessors.cat\\\/es\\\/#website\"},\"datePublished\":\"2023-07-19T07:41:58+00:00\",\"dateModified\":\"2023-07-24T08:22:40+00:00\",\"breadcrumb\":{\"@id\":\"https:\\\/\\\/onyarassessors.cat\\\/es\\\/politica-de-cookies\\\/#breadcrumb\"},\"inLanguage\":\"es\",\"potentialAction\":[{\"@type\":\"ReadAction\",\"target\":[\"https:\\\/\\\/onyarassessors.cat\\\/es\\\/politica-de-cookies\\\/\"]}]},{\"@type\":\"BreadcrumbList\",\"@id\":\"https:\\\/\\\/onyarassessors.cat\\\/es\\\/politica-de-cookies\\\/#breadcrumb\",\"itemListElement\":[{\"@type\":\"ListItem\",\"position\":1,\"name\":\"Inici\",\"item\":\"https:\\\/\\\/onyarassessors.cat\\\/es\\\/\"},{\"@type\":\"ListItem\",\"position\":2,\"name\":\"Pol\u00edtica de cookies\"}]},{\"@type\":\"WebSite\",\"@id\":\"https:\\\/\\\/onyarassessors.cat\\\/es\\\/#website\",\"url\":\"https:\\\/\\\/onyarassessors.cat\\\/es\\\/\",\"name\":\"Onyar Assessors\",\"description\":\"La teva assessoria de confian\u00e7a a Girona\",\"publisher\":{\"@id\":\"https:\\\/\\\/onyarassessors.cat\\\/es\\\/#organization\"},\"potentialAction\":[{\"@type\":\"SearchAction\",\"target\":{\"@type\":\"EntryPoint\",\"urlTemplate\":\"https:\\\/\\\/onyarassessors.cat\\\/es\\\/?s={search_term_string}\"},\"query-input\":{\"@type\":\"PropertyValueSpecification\",\"valueRequired\":true,\"valueName\":\"search_term_string\"}}],\"inLanguage\":\"es\"},{\"@type\":\"Organization\",\"@id\":\"https:\\\/\\\/onyarassessors.cat\\\/es\\\/#organization\",\"name\":\"Onyar Assessors\",\"url\":\"https:\\\/\\\/onyarassessors.cat\\\/es\\\/\",\"logo\":{\"@type\":\"ImageObject\",\"inLanguage\":\"es\",\"@id\":\"https:\\\/\\\/onyarassessors.cat\\\/es\\\/#\\\/schema\\\/logo\\\/image\\\/\",\"url\":\"https:\\\/\\\/onyarassessors.cat\\\/wp-content\\\/uploads\\\/2023\\\/07\\\/onyar-assessors3.png\",\"contentUrl\":\"https:\\\/\\\/onyarassessors.cat\\\/wp-content\\\/uploads\\\/2023\\\/07\\\/onyar-assessors3.png\",\"width\":346,\"height\":372,\"caption\":\"Onyar Assessors\"},\"image\":{\"@id\":\"https:\\\/\\\/onyarassessors.cat\\\/es\\\/#\\\/schema\\\/logo\\\/image\\\/\"}}]}<\/script>\n<!-- \/ Yoast SEO plugin. -->","yoast_head_json":{"title":"Pol\u00edtica de cookies - Onyar Assessors","robots":{"index":"index","follow":"follow","max-snippet":"max-snippet:-1","max-image-preview":"max-image-preview:large","max-video-preview":"max-video-preview:-1"},"canonical":"https:\/\/onyarassessors.cat\/es\/politica-de-cookies\/","og_locale":"es_ES","og_type":"article","og_title":"Pol\u00edtica de cookies - Onyar Assessors","og_description":"POL\u00cdTICA DE COOKIES I. \u00bfQU\u00c9 SON LAS COOKIES? 1. Las cookies o galletas son breves archivos de informaci\u00f3n que se env\u00edan y almacenan en el disco duro del ordenador del usuario a trav\u00e9s de su navegador cuando \u00e9ste se conecta a una web. Las cookies se pueden utilizar para pedir y almacenar datos del usuario [&hellip;]","og_url":"https:\/\/onyarassessors.cat\/es\/politica-de-cookies\/","og_site_name":"Onyar Assessors","article_modified_time":"2023-07-24T08:22:40+00:00","twitter_card":"summary_large_image","twitter_misc":{"Tiempo de lectura":"4 minutos"},"schema":{"@context":"https:\/\/schema.org","@graph":[{"@type":"WebPage","@id":"https:\/\/onyarassessors.cat\/es\/politica-de-cookies\/","url":"https:\/\/onyarassessors.cat\/es\/politica-de-cookies\/","name":"Pol\u00edtica de cookies - Onyar Assessors","isPartOf":{"@id":"https:\/\/onyarassessors.cat\/es\/#website"},"datePublished":"2023-07-19T07:41:58+00:00","dateModified":"2023-07-24T08:22:40+00:00","breadcrumb":{"@id":"https:\/\/onyarassessors.cat\/es\/politica-de-cookies\/#breadcrumb"},"inLanguage":"es","potentialAction":[{"@type":"ReadAction","target":["https:\/\/onyarassessors.cat\/es\/politica-de-cookies\/"]}]},{"@type":"BreadcrumbList","@id":"https:\/\/onyarassessors.cat\/es\/politica-de-cookies\/#breadcrumb","itemListElement":[{"@type":"ListItem","position":1,"name":"Inici","item":"https:\/\/onyarassessors.cat\/es\/"},{"@type":"ListItem","position":2,"name":"Pol\u00edtica de cookies"}]},{"@type":"WebSite","@id":"https:\/\/onyarassessors.cat\/es\/#website","url":"https:\/\/onyarassessors.cat\/es\/","name":"Onyar Assessors","description":"La teva assessoria de confian\u00e7a a Girona","publisher":{"@id":"https:\/\/onyarassessors.cat\/es\/#organization"},"potentialAction":[{"@type":"SearchAction","target":{"@type":"EntryPoint","urlTemplate":"https:\/\/onyarassessors.cat\/es\/?s={search_term_string}"},"query-input":{"@type":"PropertyValueSpecification","valueRequired":true,"valueName":"search_term_string"}}],"inLanguage":"es"},{"@type":"Organization","@id":"https:\/\/onyarassessors.cat\/es\/#organization","name":"Onyar Assessors","url":"https:\/\/onyarassessors.cat\/es\/","logo":{"@type":"ImageObject","inLanguage":"es","@id":"https:\/\/onyarassessors.cat\/es\/#\/schema\/logo\/image\/","url":"https:\/\/onyarassessors.cat\/wp-content\/uploads\/2023\/07\/onyar-assessors3.png","contentUrl":"https:\/\/onyarassessors.cat\/wp-content\/uploads\/2023\/07\/onyar-assessors3.png","width":346,"height":372,"caption":"Onyar Assessors"},"image":{"@id":"https:\/\/onyarassessors.cat\/es\/#\/schema\/logo\/image\/"}}]}},"_links":{"self":[{"href":"https:\/\/onyarassessors.cat\/es\/wp-json\/wp\/v2\/pages\/551","targetHints":{"allow":["GET"]}}],"collection":[{"href":"https:\/\/onyarassessors.cat\/es\/wp-json\/wp\/v2\/pages"}],"about":[{"href":"https:\/\/onyarassessors.cat\/es\/wp-json\/wp\/v2\/types\/page"}],"author":[{"embeddable":true,"href":"https:\/\/onyarassessors.cat\/es\/wp-json\/wp\/v2\/users\/1"}],"replies":[{"embeddable":true,"href":"https:\/\/onyarassessors.cat\/es\/wp-json\/wp\/v2\/comments?post=551"}],"version-history":[{"count":0,"href":"https:\/\/onyarassessors.cat\/es\/wp-json\/wp\/v2\/pages\/551\/revisions"}],"wp:attachment":[{"href":"https:\/\/onyarassessors.cat\/es\/wp-json\/wp\/v2\/media?parent=551"}],"curies":[{"name":"wp","href":"https:\/\/api.w.org\/{rel}","templated":true}]}}