{"id":555,"date":"2023-07-19T09:41:15","date_gmt":"2023-07-19T07:41:15","guid":{"rendered":"https:\/\/onyarassessors.cat\/politica-de-privacitat\/"},"modified":"2023-07-24T10:36:49","modified_gmt":"2023-07-24T08:36:49","slug":"politica-de-privacitat","status":"publish","type":"page","link":"https:\/\/onyarassessors.cat\/es\/politica-de-privacitat\/","title":{"rendered":"Pol\u00edtica de privacitat"},"content":{"rendered":"\t\t<div data-elementor-type=\"wp-page\" data-elementor-id=\"555\" class=\"elementor elementor-555 elementor-278\" data-elementor-post-type=\"page\">\n\t\t\t\t\t\t<section data-particle_enable=\"false\" data-particle-mobile-disabled=\"false\" class=\"elementor-section elementor-top-section elementor-element elementor-element-41e6135e elementor-section-boxed elementor-section-height-default elementor-section-height-default\" data-id=\"41e6135e\" data-element_type=\"section\" data-e-type=\"section\">\n\t\t\t\t\t\t<div class=\"elementor-container elementor-column-gap-default\">\n\t\t\t\t\t<div class=\"elementor-column elementor-col-100 elementor-top-column elementor-element elementor-element-674cccec\" data-id=\"674cccec\" data-element_type=\"column\" data-e-type=\"column\">\n\t\t\t<div class=\"elementor-widget-wrap elementor-element-populated\">\n\t\t\t\t\t\t<div class=\"elementor-element elementor-element-c4288a5 elementor-widget elementor-widget-spacer\" data-id=\"c4288a5\" data-element_type=\"widget\" data-e-type=\"widget\" data-widget_type=\"spacer.default\">\n\t\t\t\t<div class=\"elementor-widget-container\">\n\t\t\t\t\t\t\t<div class=\"elementor-spacer\">\n\t\t\t<div class=\"elementor-spacer-inner\"><\/div>\n\t\t<\/div>\n\t\t\t\t\t\t<\/div>\n\t\t\t\t<\/div>\n\t\t\t\t<div class=\"elementor-element elementor-element-e44b2b5 elementor-widget elementor-widget-heading\" data-id=\"e44b2b5\" data-element_type=\"widget\" data-e-type=\"widget\" data-widget_type=\"heading.default\">\n\t\t\t\t<div class=\"elementor-widget-container\">\n\t\t\t\t\t<h2 class=\"elementor-heading-title elementor-size-default\">POL\u00cdTICA DE PRIVACIDAD<\/h2>\t\t\t\t<\/div>\n\t\t\t\t<\/div>\n\t\t\t\t<div class=\"elementor-element elementor-element-283029d1 elementor-widget elementor-widget-text-editor\" data-id=\"283029d1\" data-element_type=\"widget\" data-e-type=\"widget\" data-widget_type=\"text-editor.default\">\n\t\t\t\t<div class=\"elementor-widget-container\">\n\t\t\t\t\t\t\t\t\t\n<p><strong>INFORMACI\u00d3N GENERAL PARA CUMPLIR LA LLEI 34\/2002<\/strong><\/p>\n\n\n\n<p><strong>Raz\u00f3n Social:<\/strong>&nbsp;Onyar Assessors, SL<\/p>\n\n\n\n<p><strong>NIF:<\/strong>&nbsp;B17377318<\/p>\n\n\n\n<p><strong>Raz\u00f3n Social:<\/strong>&nbsp;C. Carme, 65. 1A<\/p>\n\n\n\n<p><strong>Localidad:&nbsp;<\/strong>Girona<\/p>\n\n\n\n<p><strong>Provincia:<\/strong>&nbsp;Girona<\/p>\n\n\n\n<p><strong>C.P.:&nbsp;<\/strong>17004<\/p>\n\n\n\n<p><strong>Correo electr\u00f3nico:&nbsp;<\/strong>info@onyarassessors.cat<\/p>\n\n\n\n<p><strong>Propiedad intelectual e industrial<br><\/strong>Esta p\u00e1gina web es titularidad de&nbsp;<strong>Onyar Assessors, SL<\/strong>&nbsp;quien ostenta todos los derechos necesarios para su uso y explotaci\u00f3n. El acceso a esta p\u00e1gina o la utilizaci\u00f3n de sus contenidos no implica, en&nbsp;ning\u00fan caso, la cesi\u00f3n o licencia de derechos de propiedad intelectual e industrial. Quedan prohibidas la reproducci\u00f3n, transformaci\u00f3n, distribuci\u00f3n, comunicaci\u00f3n p\u00fablica y cualquier otra forma de explotaci\u00f3n, para cualquier procedimiento, de todos o parte de los contenidos y\/o elementos integrantes de esta p\u00e1gina, salvo que se indique expresamente lo contrario. Todo aquel que atente contra los derechos de propiedad intelectual o industrial de&nbsp;<strong>Onyar Assessors, SL<\/strong>&nbsp;ser\u00e1 responsable delante de los Tribunales&nbsp;competentes.<\/p>\n\n\n\n<p><strong>Protecci\u00f3n de datos<br><\/strong>Cumpliendo con la Ley Org\u00e1nica 15\/1999, de 13 de diciembre, de Protecci\u00f3n de Datos de car\u00e1cter Personal, se informa que los datos de car\u00e1cter personal que se recogen a trav\u00e9s de la web \u00fanicamente se utilizan a efectos de responder a las consultas recibidas o de ofrecer los servicios solicitados. No se registran de forma permanente en ning\u00fan archivo de titularidad de&nbsp;<strong>Onyar Assessors, SL<\/strong>&nbsp;sin comunicaci\u00f3n o consentimiento previo del titular de los datos. En ning\u00fan caso&nbsp;<strong>Onyar Assessors, SL<\/strong>&nbsp;utilizar\u00e1 estos &nbsp;para la venta a&nbsp;terceras personas o empresas.&nbsp;Se entiende que el usuario acepta las condiciones establecidas.<\/p>\n\t\t\t\t\t\t\t\t<\/div>\n\t\t\t\t<\/div>\n\t\t\t\t<div class=\"elementor-element elementor-element-01f08af elementor-widget elementor-widget-spacer\" data-id=\"01f08af\" data-element_type=\"widget\" data-e-type=\"widget\" data-widget_type=\"spacer.default\">\n\t\t\t\t<div class=\"elementor-widget-container\">\n\t\t\t\t\t\t\t<div class=\"elementor-spacer\">\n\t\t\t<div class=\"elementor-spacer-inner\"><\/div>\n\t\t<\/div>\n\t\t\t\t\t\t<\/div>\n\t\t\t\t<\/div>\n\t\t\t\t\t<\/div>\n\t\t<\/div>\n\t\t\t\t\t<\/div>\n\t\t<\/section>\n\t\t\t\t<\/div>\n\t\t","protected":false},"excerpt":{"rendered":"<p>POL\u00cdTICA DE PRIVACIDAD INFORMACI\u00d3N GENERAL PARA CUMPLIR LA LLEI 34\/2002 Raz\u00f3n Social:&nbsp;Onyar Assessors, SL NIF:&nbsp;B17377318 Raz\u00f3n Social:&nbsp;C. Carme, 65. 1A Localidad:&nbsp;Girona Provincia:&nbsp;Girona C.P.:&nbsp;17004 Correo electr\u00f3nico:&nbsp;info@onyarassessors.cat Propiedad intelectual e industrialEsta p\u00e1gina web es titularidad de&nbsp;Onyar Assessors, SL&nbsp;quien ostenta todos los derechos necesarios para su uso y explotaci\u00f3n. El acceso a esta p\u00e1gina o la utilizaci\u00f3n de [&hellip;]<\/p>\n","protected":false},"author":1,"featured_media":0,"parent":0,"menu_order":0,"comment_status":"closed","ping_status":"closed","template":"","meta":{"footnotes":""},"class_list":["post-555","page","type-page","status-publish","hentry"],"yoast_head":"<!-- This site is optimized with the Yoast SEO plugin v27.5 - https:\/\/yoast.com\/product\/yoast-seo-wordpress\/ -->\n<title>Pol\u00edtica de privacitat - Onyar Assessors<\/title>\n<meta name=\"robots\" content=\"index, follow, max-snippet:-1, max-image-preview:large, max-video-preview:-1\" \/>\n<link rel=\"canonical\" href=\"https:\/\/onyarassessors.cat\/es\/politica-de-privacitat\/\" \/>\n<meta property=\"og:locale\" content=\"es_ES\" \/>\n<meta property=\"og:type\" content=\"article\" \/>\n<meta property=\"og:title\" content=\"Pol\u00edtica de privacitat - Onyar Assessors\" \/>\n<meta property=\"og:description\" content=\"POL\u00cdTICA DE PRIVACIDAD INFORMACI\u00d3N GENERAL PARA CUMPLIR LA LLEI 34\/2002 Raz\u00f3n Social:&nbsp;Onyar Assessors, SL NIF:&nbsp;B17377318 Raz\u00f3n Social:&nbsp;C. Carme, 65. 1A Localidad:&nbsp;Girona Provincia:&nbsp;Girona C.P.:&nbsp;17004 Correo electr\u00f3nico:&nbsp;info@onyarassessors.cat Propiedad intelectual e industrialEsta p\u00e1gina web es titularidad de&nbsp;Onyar Assessors, SL&nbsp;quien ostenta todos los derechos necesarios para su uso y explotaci\u00f3n. El acceso a esta p\u00e1gina o la utilizaci\u00f3n de [&hellip;]\" \/>\n<meta property=\"og:url\" content=\"https:\/\/onyarassessors.cat\/es\/politica-de-privacitat\/\" \/>\n<meta property=\"og:site_name\" content=\"Onyar Assessors\" \/>\n<meta property=\"article:modified_time\" content=\"2023-07-24T08:36:49+00:00\" \/>\n<meta name=\"twitter:card\" content=\"summary_large_image\" \/>\n<meta name=\"twitter:label1\" content=\"Tiempo de lectura\" \/>\n\t<meta name=\"twitter:data1\" content=\"1 minuto\" \/>\n<script type=\"application\/ld+json\" class=\"yoast-schema-graph\">{\"@context\":\"https:\\\/\\\/schema.org\",\"@graph\":[{\"@type\":\"WebPage\",\"@id\":\"https:\\\/\\\/onyarassessors.cat\\\/es\\\/politica-de-privacitat\\\/\",\"url\":\"https:\\\/\\\/onyarassessors.cat\\\/es\\\/politica-de-privacitat\\\/\",\"name\":\"Pol\u00edtica de privacitat - Onyar Assessors\",\"isPartOf\":{\"@id\":\"https:\\\/\\\/onyarassessors.cat\\\/es\\\/#website\"},\"datePublished\":\"2023-07-19T07:41:15+00:00\",\"dateModified\":\"2023-07-24T08:36:49+00:00\",\"breadcrumb\":{\"@id\":\"https:\\\/\\\/onyarassessors.cat\\\/es\\\/politica-de-privacitat\\\/#breadcrumb\"},\"inLanguage\":\"es\",\"potentialAction\":[{\"@type\":\"ReadAction\",\"target\":[\"https:\\\/\\\/onyarassessors.cat\\\/es\\\/politica-de-privacitat\\\/\"]}]},{\"@type\":\"BreadcrumbList\",\"@id\":\"https:\\\/\\\/onyarassessors.cat\\\/es\\\/politica-de-privacitat\\\/#breadcrumb\",\"itemListElement\":[{\"@type\":\"ListItem\",\"position\":1,\"name\":\"Inici\",\"item\":\"https:\\\/\\\/onyarassessors.cat\\\/es\\\/\"},{\"@type\":\"ListItem\",\"position\":2,\"name\":\"Pol\u00edtica de privacitat\"}]},{\"@type\":\"WebSite\",\"@id\":\"https:\\\/\\\/onyarassessors.cat\\\/es\\\/#website\",\"url\":\"https:\\\/\\\/onyarassessors.cat\\\/es\\\/\",\"name\":\"Onyar Assessors\",\"description\":\"La teva assessoria de confian\u00e7a a Girona\",\"publisher\":{\"@id\":\"https:\\\/\\\/onyarassessors.cat\\\/es\\\/#organization\"},\"potentialAction\":[{\"@type\":\"SearchAction\",\"target\":{\"@type\":\"EntryPoint\",\"urlTemplate\":\"https:\\\/\\\/onyarassessors.cat\\\/es\\\/?s={search_term_string}\"},\"query-input\":{\"@type\":\"PropertyValueSpecification\",\"valueRequired\":true,\"valueName\":\"search_term_string\"}}],\"inLanguage\":\"es\"},{\"@type\":\"Organization\",\"@id\":\"https:\\\/\\\/onyarassessors.cat\\\/es\\\/#organization\",\"name\":\"Onyar Assessors\",\"url\":\"https:\\\/\\\/onyarassessors.cat\\\/es\\\/\",\"logo\":{\"@type\":\"ImageObject\",\"inLanguage\":\"es\",\"@id\":\"https:\\\/\\\/onyarassessors.cat\\\/es\\\/#\\\/schema\\\/logo\\\/image\\\/\",\"url\":\"https:\\\/\\\/onyarassessors.cat\\\/wp-content\\\/uploads\\\/2023\\\/07\\\/onyar-assessors3.png\",\"contentUrl\":\"https:\\\/\\\/onyarassessors.cat\\\/wp-content\\\/uploads\\\/2023\\\/07\\\/onyar-assessors3.png\",\"width\":346,\"height\":372,\"caption\":\"Onyar Assessors\"},\"image\":{\"@id\":\"https:\\\/\\\/onyarassessors.cat\\\/es\\\/#\\\/schema\\\/logo\\\/image\\\/\"}}]}<\/script>\n<!-- \/ Yoast SEO plugin. -->","yoast_head_json":{"title":"Pol\u00edtica de privacitat - Onyar Assessors","robots":{"index":"index","follow":"follow","max-snippet":"max-snippet:-1","max-image-preview":"max-image-preview:large","max-video-preview":"max-video-preview:-1"},"canonical":"https:\/\/onyarassessors.cat\/es\/politica-de-privacitat\/","og_locale":"es_ES","og_type":"article","og_title":"Pol\u00edtica de privacitat - Onyar Assessors","og_description":"POL\u00cdTICA DE PRIVACIDAD INFORMACI\u00d3N GENERAL PARA CUMPLIR LA LLEI 34\/2002 Raz\u00f3n Social:&nbsp;Onyar Assessors, SL NIF:&nbsp;B17377318 Raz\u00f3n Social:&nbsp;C. Carme, 65. 1A Localidad:&nbsp;Girona Provincia:&nbsp;Girona C.P.:&nbsp;17004 Correo electr\u00f3nico:&nbsp;info@onyarassessors.cat Propiedad intelectual e industrialEsta p\u00e1gina web es titularidad de&nbsp;Onyar Assessors, SL&nbsp;quien ostenta todos los derechos necesarios para su uso y explotaci\u00f3n. El acceso a esta p\u00e1gina o la utilizaci\u00f3n de [&hellip;]","og_url":"https:\/\/onyarassessors.cat\/es\/politica-de-privacitat\/","og_site_name":"Onyar Assessors","article_modified_time":"2023-07-24T08:36:49+00:00","twitter_card":"summary_large_image","twitter_misc":{"Tiempo de lectura":"1 minuto"},"schema":{"@context":"https:\/\/schema.org","@graph":[{"@type":"WebPage","@id":"https:\/\/onyarassessors.cat\/es\/politica-de-privacitat\/","url":"https:\/\/onyarassessors.cat\/es\/politica-de-privacitat\/","name":"Pol\u00edtica de privacitat - Onyar Assessors","isPartOf":{"@id":"https:\/\/onyarassessors.cat\/es\/#website"},"datePublished":"2023-07-19T07:41:15+00:00","dateModified":"2023-07-24T08:36:49+00:00","breadcrumb":{"@id":"https:\/\/onyarassessors.cat\/es\/politica-de-privacitat\/#breadcrumb"},"inLanguage":"es","potentialAction":[{"@type":"ReadAction","target":["https:\/\/onyarassessors.cat\/es\/politica-de-privacitat\/"]}]},{"@type":"BreadcrumbList","@id":"https:\/\/onyarassessors.cat\/es\/politica-de-privacitat\/#breadcrumb","itemListElement":[{"@type":"ListItem","position":1,"name":"Inici","item":"https:\/\/onyarassessors.cat\/es\/"},{"@type":"ListItem","position":2,"name":"Pol\u00edtica de privacitat"}]},{"@type":"WebSite","@id":"https:\/\/onyarassessors.cat\/es\/#website","url":"https:\/\/onyarassessors.cat\/es\/","name":"Onyar Assessors","description":"La teva assessoria de confian\u00e7a a Girona","publisher":{"@id":"https:\/\/onyarassessors.cat\/es\/#organization"},"potentialAction":[{"@type":"SearchAction","target":{"@type":"EntryPoint","urlTemplate":"https:\/\/onyarassessors.cat\/es\/?s={search_term_string}"},"query-input":{"@type":"PropertyValueSpecification","valueRequired":true,"valueName":"search_term_string"}}],"inLanguage":"es"},{"@type":"Organization","@id":"https:\/\/onyarassessors.cat\/es\/#organization","name":"Onyar Assessors","url":"https:\/\/onyarassessors.cat\/es\/","logo":{"@type":"ImageObject","inLanguage":"es","@id":"https:\/\/onyarassessors.cat\/es\/#\/schema\/logo\/image\/","url":"https:\/\/onyarassessors.cat\/wp-content\/uploads\/2023\/07\/onyar-assessors3.png","contentUrl":"https:\/\/onyarassessors.cat\/wp-content\/uploads\/2023\/07\/onyar-assessors3.png","width":346,"height":372,"caption":"Onyar Assessors"},"image":{"@id":"https:\/\/onyarassessors.cat\/es\/#\/schema\/logo\/image\/"}}]}},"_links":{"self":[{"href":"https:\/\/onyarassessors.cat\/es\/wp-json\/wp\/v2\/pages\/555","targetHints":{"allow":["GET"]}}],"collection":[{"href":"https:\/\/onyarassessors.cat\/es\/wp-json\/wp\/v2\/pages"}],"about":[{"href":"https:\/\/onyarassessors.cat\/es\/wp-json\/wp\/v2\/types\/page"}],"author":[{"embeddable":true,"href":"https:\/\/onyarassessors.cat\/es\/wp-json\/wp\/v2\/users\/1"}],"replies":[{"embeddable":true,"href":"https:\/\/onyarassessors.cat\/es\/wp-json\/wp\/v2\/comments?post=555"}],"version-history":[{"count":0,"href":"https:\/\/onyarassessors.cat\/es\/wp-json\/wp\/v2\/pages\/555\/revisions"}],"wp:attachment":[{"href":"https:\/\/onyarassessors.cat\/es\/wp-json\/wp\/v2\/media?parent=555"}],"curies":[{"name":"wp","href":"https:\/\/api.w.org\/{rel}","templated":true}]}}